{"id":444,"date":"2016-03-09T13:30:07","date_gmt":"2016-03-09T13:30:07","guid":{"rendered":"http:\/\/demowp.cththemes.net\/monolit\/?page_id=444"},"modified":"2022-02-08T01:08:24","modified_gmt":"2022-02-08T00:08:24","slug":"one-page-slider","status":"publish","type":"page","link":"https:\/\/riviera.crystaleez.tn\/","title":{"rendered":"Riviera Home Contemporain"},"content":{"rendered":"<p>[vc_row full_width=&#8221;stretch_row&#8221; cth_layout=&#8221;monolit_fullheight_sec&#8221; el_id=&#8221;sec1&#8243; el_class=&#8221;no-bg-con&#8221;][vc_column css=&#8221;.vc_custom_1455730804223{padding-right: 0px !important;padding-left: 0px !important;}&#8221;][monolit_home_slider values=&#8221;%5B%7B%22slideimg%22%3A%22522%22%2C%22slide_content%22%3A%22%3Ch3%3ERiviera%20Home%20Contemporain%3C%2Fh3%3E%5Cn%3Ca%20href%3D%5C%22%23sec2%5C%22%20class%3D%5C%22hero-link%20custom-scroll-link%5C%22%3ED%C3%A9couvrir%3C%2Fa%3E%22%7D%2C%7B%22slideimg%22%3A%22523%22%2C%22slide_content%22%3A%22%3Ch3%3ERiviera%20Home%20Contemporain%3C%2Fh3%3E%5Cn%3Ca%20href%3D%5C%22%23sec2%5C%22%20class%3D%5C%22hero-link%20custom-scroll-link%5C%22%3ED%C3%A9couvrir%3C%2Fa%3E%22%7D%2C%7B%22slideimg%22%3A%22524%22%2C%22slide_content%22%3A%22%3Ch3%3ERiviera%20Home%20Contemporain%3C%2Fh3%3E%5Cn%3Ca%20href%3D%5C%22%23sec2%5C%22%20class%3D%5C%22hero-link%20custom-scroll-link%5C%22%3ED%C3%A9couvrir%3C%2Fa%3E%22%7D%2C%7B%22slideimg%22%3A%22525%22%2C%22slide_content%22%3A%22%3Ch3%3ERiviera%20Home%20Contemporain%3C%2Fh3%3E%5Cn%3Ca%20href%3D%5C%22%23sec2%5C%22%20class%3D%5C%22hero-link%20custom-scroll-link%5C%22%3ED%C3%A9couvrir%3C%2Fa%3E%22%7D%2C%7B%22slideimg%22%3A%22526%22%2C%22slide_content%22%3A%22%3Ch3%3ERiviera%20Home%20Contemporain%3C%2Fh3%3E%5Cn%3Ca%20href%3D%5C%22%23sec2%5C%22%20class%3D%5C%22hero-link%20custom-scroll-link%5C%22%3ED%C3%A9couvrir%3C%2Fa%3E%22%7D%5D&#8221; autoplay=&#8221;yes&#8221; loop=&#8221;yes&#8221; autoplaytimeout=&#8221;5000&#8243; opacity=&#8221;0.3&#8243;][\/vc_column][\/vc_row][vc_row cth_layout=&#8221;monolit_page_sec&#8221; sec_number=&#8221;01&#8243; el_id=&#8221;sec2&#8243;][vc_column offset=&#8221;vc_col-md-4&#8243;][monolit_carousel_slider_multiimgs loop=&#8221;yes&#8221; autoplay=&#8221;yes&#8221; autoplaytimeout=&#8221;5000&#8243; slideimages=&#8221;531,532,533&#8243;][\/vc_column][vc_column offset=&#8221;vc_col-md-8&#8243;][vc_column_text]<\/p>\n<h2 class=\"section-title\">Riviera Home Contemporain<\/h2>\n<p class=\"no-rep\">Le projet se compose de 2 b\u00e2timents, repr\u00e9sentant 8 logements. A l&#8217;Ouest le b\u00e2timent A comprenant 5 logements et \u00e0 l&#8217;Est, le b\u00e2timent B compos\u00e9 de 3 logements. Chaque logement sera traversant Est\/Ouest et disposera d&#8217;un acc\u00e8s pi\u00e9ton privatif. Chaque logement repr\u00e9sente un module cubique simple sur deux niveaux, qui se d\u00e9cale horizontalement afin d&#8217;intimiser les parties privatives.<\/p>\n<p class=\"no-rep\">Les toitures terrasses seront non accessibles. Des bassins de r\u00e9tention y seront implant\u00e9s, 9.75 m3 par logement. Un autre bassin de r\u00e9tention sera implant\u00e9 sur l&#8217;aire de stationnement.<\/p>\n<p>[\/vc_column_text][\/vc_column][\/vc_row][vc_row cth_layout=&#8221;monolit_page_dark_sec&#8221; parallax_inner_op=&#8221;0.8&#8243; parallax_inner=&#8221;522&#8243; el_id=&#8221;sec3&#8243;][vc_column][vc_column_text]<\/p>\n<h2 class=\"section-title dec-title\"><span class=\"no-rep\">Galerie <strong> PHOTOS<\/strong><\/span><\/h2>\n<p>[\/vc_column_text][\/vc_column][\/vc_row][vc_row cth_layout=&#8221;monolit_page_sec&#8221; sec_number=&#8221;02&#8243;][vc_column][monolit_images_gallery_masonry spacing=&#8221;big&#8221; galleryimgs=&#8221;539,540,541,542,543,544,545,546,547,548,549,550&#8243;][\/vc_column][\/vc_row][vc_row cth_layout=&#8221;monolit_page_dark_sec&#8221; parallax_inner_op=&#8221;0.8&#8243; parallax_inner=&#8221;539&#8243; el_id=&#8221;sec4&#8243;][vc_column][vc_column_text]<\/p>\n<h2 class=\"section-title dec-title\"><span class=\"no-rep\">Visite <strong> VIRTUELLE<\/strong><\/span><\/h2>\n<p>[\/vc_column_text][\/vc_column][\/vc_row][vc_row cth_layout=&#8221;monolit_page_sec&#8221; sec_number=&#8221;03&#8243;][vc_column][vc_single_image image=&#8221;557&#8243; img_size=&#8221;full&#8221; alignment=&#8221;center&#8221; style=&#8221;vc_box_shadow&#8221; onclick=&#8221;custom_link&#8221; img_link_target=&#8221;_blank&#8221; link=&#8221;https:\/\/riviera.crystaleez.tn\/wp-content\/vr&#8221;][\/vc_column][\/vc_row][vc_row cth_layout=&#8221;monolit_page_dark_sec&#8221; parallax_inner_op=&#8221;0.8&#8243; parallax_inner=&#8221;548&#8243; el_id=&#8221;sec5&#8243;][vc_column][vc_column_text]<\/p>\n<h2 class=\"section-title dec-title\"><span class=\"no-rep\">Contactez <strong> NOUS<\/strong><\/span><\/h2>\n<p>[\/vc_column_text][\/vc_column][\/vc_row][vc_row cth_layout=&#8221;monolit_page_sec&#8221; sec_number=&#8221;04&#8243;][vc_column width=&#8221;5\/12&#8243;][vc_column_text]<\/p>\n<h2 class=\"section-title\">Formulaire de contact<\/h2>\n<p>[\/vc_column_text][vc_separator align=&#8221;align_left&#8221; style=&#8221;shadow&#8221; border_width=&#8221;4&#8243; el_width=&#8221;60&#8243;]\n<div class=\"wpcf7 no-js\" id=\"wpcf7-f515-o1\" lang=\"en-US\" dir=\"ltr\" data-wpcf7-id=\"515\">\n<div class=\"screen-reader-response\"><p role=\"status\" aria-live=\"polite\" aria-atomic=\"true\"><\/p> <ul><\/ul><\/div>\n<form action=\"\/index.php\/wp-json\/wp\/v2\/pages\/444#wpcf7-f515-o1\" method=\"post\" class=\"wpcf7-form init\" aria-label=\"Contact form\" novalidate=\"novalidate\" data-status=\"init\">\n<fieldset class=\"hidden-fields-container\"><input type=\"hidden\" name=\"_wpcf7\" value=\"515\" \/><input type=\"hidden\" name=\"_wpcf7_version\" value=\"6.1.5\" \/><input type=\"hidden\" name=\"_wpcf7_locale\" value=\"en_US\" \/><input type=\"hidden\" name=\"_wpcf7_unit_tag\" value=\"wpcf7-f515-o1\" \/><input type=\"hidden\" name=\"_wpcf7_container_post\" value=\"0\" \/><input type=\"hidden\" name=\"_wpcf7_posted_data_hash\" value=\"\" \/>\n<\/fieldset>\n<div class=\"contact-form-holder\">\n\t<div id=\"contact-form\">\n\t\t<p><span class=\"wpcf7-form-control-wrap\" data-name=\"your-name\"><input size=\"40\" maxlength=\"400\" class=\"wpcf7-form-control wpcf7-text wpcf7-validates-as-required\" aria-required=\"true\" aria-invalid=\"false\" placeholder=\"Nom &amp; Pr\u00e9nom\" value=\"\" type=\"text\" name=\"your-name\" \/><\/span><br \/>\n<span class=\"wpcf7-form-control-wrap\" data-name=\"your-email\"><input size=\"40\" maxlength=\"400\" class=\"wpcf7-form-control wpcf7-email wpcf7-validates-as-required wpcf7-text wpcf7-validates-as-email\" aria-required=\"true\" aria-invalid=\"false\" placeholder=\"E-mail\" value=\"\" type=\"email\" name=\"your-email\" \/><\/span><br \/>\n<span class=\"wpcf7-form-control-wrap\" data-name=\"subject\"><input size=\"40\" maxlength=\"400\" class=\"wpcf7-form-control wpcf7-text wpcf7-validates-as-required\" aria-required=\"true\" aria-invalid=\"false\" placeholder=\"Sujet\" value=\"\" type=\"text\" name=\"subject\" \/><\/span><br \/>\n<span class=\"wpcf7-form-control-wrap\" data-name=\"your-message\"><textarea cols=\"40\" rows=\"10\" maxlength=\"2000\" class=\"wpcf7-form-control wpcf7-textarea wpcf7-validates-as-required\" aria-required=\"true\" aria-invalid=\"false\" placeholder=\"Message\" name=\"your-message\"><\/textarea><\/span><br \/>\n<input class=\"wpcf7-form-control wpcf7-submit has-spinner\" id=\"submit\" type=\"submit\" value=\"Envoyer\" \/>\n\t\t<\/p>\n\t<\/div>\n<\/div>\n<div class=\"clearfix\">\n<\/div><div class=\"wpcf7-response-output\" aria-hidden=\"true\"><\/div>\n<\/form>\n<\/div>\n[\/vc_column][vc_column width=&#8221;2\/12&#8243;][\/vc_column][vc_column width=&#8221;5\/12&#8243;][vc_column_text]<\/p>\n<h2 class=\"section-title\">Coordonn\u00e9es<\/h2>\n<p>[\/vc_column_text][vc_separator align=&#8221;align_left&#8221; style=&#8221;shadow&#8221; border_width=&#8221;4&#8243; el_width=&#8221;60&#8243; css=&#8221;.vc_custom_1644277493127{padding-bottom: 50px !important;}&#8221;][vc_column_text css=&#8221;.vc_custom_1644278870562{padding-top: 30px !important;padding-bottom: 30px !important;}&#8221;]<\/p>\n<h4><i class=\"fa fa-phone\"><\/i> <strong>T\u00e9l:<\/strong> +33 00 00 00 00<\/h4>\n<p>[\/vc_column_text][vc_separator css=&#8221;.vc_custom_1644277326287{padding-top: 10px !important;padding-bottom: 10px !important;}&#8221;][vc_column_text css=&#8221;.vc_custom_1644278880754{padding-top: 30px !important;padding-bottom: 30px !important;}&#8221;]<\/p>\n<h4><i class=\"fa fa-envelope\"><\/i> <strong>Email:<\/strong> <a href=\"mailto:contact@rivierahomecontemporain.com\">contact@rivierahomecontemporain.com<\/a><\/h4>\n<p>[\/vc_column_text][vc_separator css=&#8221;.vc_custom_1644277326287{padding-top: 10px !important;padding-bottom: 10px !important;}&#8221;][vc_column_text css=&#8221;.vc_custom_1644278889275{padding-top: 30px !important;padding-bottom: 30px !important;}&#8221;]<\/p>\n<h4><i class=\"fa fa-facebook\"><\/i> <strong>Facebook:<\/strong> \/RivieraHomeContemporain<\/h4>\n<p>[\/vc_column_text][vc_separator css=&#8221;.vc_custom_1644277326287{padding-top: 10px !important;padding-bottom: 10px !important;}&#8221;][vc_column_text css=&#8221;.vc_custom_1644278899595{padding-top: 30px !important;padding-bottom: 30px !important;}&#8221;]<\/p>\n<h4><i class=\"fa fa-instagram\"><\/i> <strong>Instagram:<\/strong> Riviera.Home.Contemporain<\/h4>\n<p>[\/vc_column_text][\/vc_column][\/vc_row]<\/p>\n","protected":false},"excerpt":{"rendered":"<p>[vc_row full_width=&#8221;stretch_row&#8221; cth_layout=&#8221;monolit_fullheight_sec&#8221; el_id=&#8221;sec1&#8243; el_class=&#8221;no-bg-con&#8221;][vc_column css=&#8221;.vc_custom_1455730804223{padding-right: 0px !important;padding-left: 0px !important;}&#8221;][monolit_home_slider values=&#8221;%5B%7B%22slideimg%22%3A%22522%22%2C%22slide_content%22%3A%22%3Ch3%3ERiviera%20Home%20Contemporain%3C%2Fh3%3E%5Cn%3Ca%20href%3D%5C%22%23sec2%5C%22%20class%3D%5C%22hero-link%20custom-scroll-link%5C%22%3ED%C3%A9couvrir%3C%2Fa%3E%22%7D%2C%7B%22slideimg%22%3A%22523%22%2C%22slide_content%22%3A%22%3Ch3%3ERiviera%20Home%20Contemporain%3C%2Fh3%3E%5Cn%3Ca%20href%3D%5C%22%23sec2%5C%22%20class%3D%5C%22hero-link%20custom-scroll-link%5C%22%3ED%C3%A9couvrir%3C%2Fa%3E%22%7D%2C%7B%22slideimg%22%3A%22524%22%2C%22slide_content%22%3A%22%3Ch3%3ERiviera%20Home%20Contemporain%3C%2Fh3%3E%5Cn%3Ca%20href%3D%5C%22%23sec2%5C%22%20class%3D%5C%22hero-link%20custom-scroll-link%5C%22%3ED%C3%A9couvrir%3C%2Fa%3E%22%7D%2C%7B%22slideimg%22%3A%22525%22%2C%22slide_content%22%3A%22%3Ch3%3ERiviera%20Home%20Contemporain%3C%2Fh3%3E%5Cn%3Ca%20href%3D%5C%22%23sec2%5C%22%20class%3D%5C%22hero-link%20custom-scroll-link%5C%22%3ED%C3%A9couvrir%3C%2Fa%3E%22%7D%2C%7B%22slideimg%22%3A%22526%22%2C%22slide_content%22%3A%22%3Ch3%3ERiviera%20Home%20Contemporain%3C%2Fh3%3E%5Cn%3Ca%20href%3D%5C%22%23sec2%5C%22%20class%3D%5C%22hero-link%20custom-scroll-link%5C%22%3ED%C3%A9couvrir%3C%2Fa%3E%22%7D%5D&#8221; autoplay=&#8221;yes&#8221; loop=&#8221;yes&#8221; autoplaytimeout=&#8221;5000&#8243; opacity=&#8221;0.3&#8243;][\/vc_column][\/vc_row][vc_row cth_layout=&#8221;monolit_page_sec&#8221; sec_number=&#8221;01&#8243; el_id=&#8221;sec2&#8243;][vc_column offset=&#8221;vc_col-md-4&#8243;][monolit_carousel_slider_multiimgs loop=&#8221;yes&#8221; autoplay=&#8221;yes&#8221; autoplaytimeout=&#8221;5000&#8243; slideimages=&#8221;531,532,533&#8243;][\/vc_column][vc_column offset=&#8221;vc_col-md-8&#8243;][vc_column_text] Riviera Home Contemporain Le projet se compose de 2 b\u00e2timents, repr\u00e9sentant 8 logements. A l&#8217;Ouest le b\u00e2timent A comprenant 5 logements et \u00e0 l&#8217;Est, le b\u00e2timent B compos\u00e9 de 3 logements. [&hellip;]<\/p>\n","protected":false},"author":1,"featured_media":0,"parent":0,"menu_order":0,"comment_status":"closed","ping_status":"closed","template":"homepage-onepage.php","meta":{"footnotes":""},"class_list":["post-444","page","type-page","status-publish","hentry"],"_links":{"self":[{"href":"https:\/\/riviera.crystaleez.tn\/index.php\/wp-json\/wp\/v2\/pages\/444","targetHints":{"allow":["GET"]}}],"collection":[{"href":"https:\/\/riviera.crystaleez.tn\/index.php\/wp-json\/wp\/v2\/pages"}],"about":[{"href":"https:\/\/riviera.crystaleez.tn\/index.php\/wp-json\/wp\/v2\/types\/page"}],"author":[{"embeddable":true,"href":"https:\/\/riviera.crystaleez.tn\/index.php\/wp-json\/wp\/v2\/users\/1"}],"replies":[{"embeddable":true,"href":"https:\/\/riviera.crystaleez.tn\/index.php\/wp-json\/wp\/v2\/comments?post=444"}],"version-history":[{"count":26,"href":"https:\/\/riviera.crystaleez.tn\/index.php\/wp-json\/wp\/v2\/pages\/444\/revisions"}],"predecessor-version":[{"id":571,"href":"https:\/\/riviera.crystaleez.tn\/index.php\/wp-json\/wp\/v2\/pages\/444\/revisions\/571"}],"wp:attachment":[{"href":"https:\/\/riviera.crystaleez.tn\/index.php\/wp-json\/wp\/v2\/media?parent=444"}],"curies":[{"name":"wp","href":"https:\/\/api.w.org\/{rel}","templated":true}]}}